{"id":1089,"date":"2026-02-08T19:27:55","date_gmt":"2026-02-08T18:27:55","guid":{"rendered":"https:\/\/neu.rv-soederblom.de\/?page_id=1089"},"modified":"2026-02-23T20:41:38","modified_gmt":"2026-02-23T19:41:38","slug":"2001-haase-ems","status":"publish","type":"page","link":"https:\/\/neu.rv-soederblom.de\/?page_id=1089","title":{"rendered":"2001 Hase &#8211; Ems"},"content":{"rendered":"<div data-colibri-id=\"1089-c1\" class=\"style-1743 style-local-1089-c1 position-relative\">\n  <!---->\n  <div data-colibri-component=\"section\" data-colibri-id=\"1089-c2\" id=\"custom\" class=\"h-section h-section-global-spacing d-flex align-items-lg-center align-items-md-center align-items-center style-1744 style-local-1089-c2 position-relative\">\n    <!---->\n    <!---->\n    <div class=\"h-section-grid-container h-section-boxed-container\">\n      <!---->\n      <div data-colibri-id=\"1089-c22\" class=\"h-row-container gutters-row-lg-2 gutters-row-md-2 gutters-row-0 gutters-row-v-lg-2 gutters-row-v-md-2 gutters-row-v-2 style-1910 style-local-1089-c22 position-relative\">\n        <!---->\n        <div class=\"h-row justify-content-lg-center justify-content-md-center justify-content-center align-items-lg-stretch align-items-md-stretch align-items-stretch gutters-col-lg-2 gutters-col-md-2 gutters-col-0 gutters-col-v-lg-2 gutters-col-v-md-2 gutters-col-v-2\">\n          <!---->\n          <div class=\"h-column h-column-container d-flex h-col-lg-auto h-col-md-auto h-col-auto style-1911-outer style-local-1089-c23-outer\">\n            <div data-colibri-id=\"1089-c23\" class=\"d-flex h-flex-basis h-column__inner h-px-lg-2 h-px-md-2 h-px-2 v-inner-lg-2 v-inner-md-2 v-inner-2 style-1911 style-local-1089-c23 position-relative\">\n              <!---->\n              <!---->\n              <div class=\"w-100 h-y-container h-column__content h-column__v-align flex-basis-100 align-self-lg-start align-self-md-start align-self-start\">\n                <!---->\n                <div data-colibri-id=\"1089-c24\" class=\"h-global-transition-all h-heading style-1912 style-local-1089-c24 position-relative h-element\">\n                  <!---->\n                  <div class=\"h-heading__outer style-1912 style-local-1089-c24\">\n                    <!---->\n                    <!---->\n                    <h1 class=\"\">Ruderwanderfahrt Hase \u2013 Ems 24.5. \u2013 27.5.2001<\/h1>\n                  <\/div>\n                <\/div>\n              <\/div>\n            <\/div>\n          <\/div>\n        <\/div>\n      <\/div>\n      <div data-colibri-id=\"1089-c6\" class=\"h-row-container gutters-row-lg-2 gutters-row-md-2 gutters-row-0 gutters-row-v-lg-2 gutters-row-v-md-2 gutters-row-v-2 style-1750 style-local-1089-c6 position-relative\">\n        <!---->\n        <div class=\"h-row justify-content-lg-center justify-content-md-center justify-content-center align-items-lg-stretch align-items-md-stretch align-items-stretch gutters-col-lg-2 gutters-col-md-2 gutters-col-0 gutters-col-v-lg-2 gutters-col-v-md-2 gutters-col-v-2\">\n          <!---->\n          <div class=\"h-column h-column-container d-flex h-col-lg-auto h-col-md-auto h-col-auto style-1751-outer style-local-1089-c7-outer\">\n            <div data-colibri-id=\"1089-c7\" class=\"d-flex h-flex-basis h-column__inner h-px-lg-2 h-px-md-2 h-px-2 v-inner-lg-2 v-inner-md-2 v-inner-2 style-1751 style-local-1089-c7 position-relative\">\n              <!---->\n              <!---->\n              <div class=\"w-100 h-y-container h-column__content h-column__v-align flex-basis-100 align-self-lg-start align-self-md-start align-self-start\">\n                <!---->\n                <div data-colibri-id=\"1089-c8\" class=\"h-text h-text-component style-1752 style-local-1089-c8 position-relative h-element\">\n                  <!---->\n                  <!---->\n                  <div class=\"\">\n                    <p>Hasel\u00fcnne \u2013 Meppen \u2013 Bergen \u2013 Papenburg \u2013 Leer <\/p>\n                  <\/div>\n                <\/div>\n                <div data-colibri-id=\"1089-c9\" class=\"h-lead h-text h-text-component style-1753 style-local-1089-c9 position-relative h-element\">\n                  <!---->\n                  <!---->\n                  <div class=\"\">\n                    <p>Das Schwierigste bei dieser Wanderfahrt war nicht die Fahrt selbst, sondern eher das Planen im Vorfeld, da es t\u00e4glich neue Bootsbesatzungen gab. Erst wurden es immer mehr, vor allem Jugendliche (absolut rekordverd\u00e4chtige Gr\u00f6\u00dfenordnungen)\n                      und dann, je n\u00e4her die Fahrt kam, wieder rapide weniger. Schlie\u00dflich blieben noch 17 Personen \u00fcbrig, was immer noch mehr Teilnehmer als im letzten Jahr waren. Also konnte die Fahrt nur noch ein Erfolg werden.<\/p>\n                    <p>Wir trafen uns am Himmelfahrtstag im Morgengrauen (zumindest kam es uns so vor), um nach Hasel\u00fcnne zu fahren und auf der Hase, sp\u00e4ter auf der Ems bis nach Leer zu rudern. Die erste Etappe verlief so gut, dass wir nicht mal mehr wissen,\n                      was wir davon berichten sollen. Au\u00dfer dass wir in Hasel\u00fcnne mit dem Fahrzeugen und dem Bootsanh\u00e4nger mehrfach durch die Stadt umher irrten, um den versteckt gelegenen Bootsanleger zu suchen.<\/p>\n                  <\/div>\n                <\/div>\n                <div data-colibri-id=\"1089-c10\" class=\"d-block style-1754 style-local-1089-c10 position-relative h-element\">\n                  <!---->\n                  <div class=\"h-image__frame-container-outer\">\n                    <div class=\"h-image__frame-container\">\n                      <!---->\n                      <!---->\n                      <img loading=\"lazy\" decoding=\"async\" width=\"791\" height=\"472\" src=\"https:\/\/neu.rv-soederblom.de\/wp-content\/uploads\/2026\/02\/Start.jpg\" class=\"wp-image-1704 style-1754-image style-local-1089-c10-image\" alt=\"\" srcset=\"https:\/\/neu.rv-soederblom.de\/wp-content\/uploads\/2026\/02\/Start.jpg 791w, https:\/\/neu.rv-soederblom.de\/wp-content\/uploads\/2026\/02\/Start-300x179.jpg 300w, https:\/\/neu.rv-soederblom.de\/wp-content\/uploads\/2026\/02\/Start-768x458.jpg 768w\" sizes=\"auto, (max-width: 791px) 100vw, 791px\" \/>\n                      <div class=\"h-image__frame h-hide-lg h-hide-md h-hide-sm style-1754-frameImage style-local-1089-c10-frameImage\"><\/div>\n                    <\/div>\n                  <\/div>\n                <\/div>\n                <div data-colibri-id=\"1089-c11\" class=\"h-lead h-text h-text-component style-1755 style-local-1089-c11 position-relative h-element\">\n                  <!---->\n                  <!---->\n                  <div class=\"\">\n                    <p>Auf dem Wasser begegneten uns dann seltsam anmutende Wasserfahrzeuge, die sich beim n\u00e4heren Ansehen als feucht-fr\u00f6hliche &#8222;Vatertagsfl\u00f6\u00dfe&#8220; entpuppten. Ansonsten war es eine normale und lustige Ruderetappe bei strahlendem Sonnenschein.<\/p>\n                  <\/div>\n                <\/div>\n                <div data-colibri-id=\"1089-c12\" class=\"d-block style-1756 style-local-1089-c12 position-relative h-element\">\n                  <!---->\n                  <div class=\"h-image__frame-container-outer\">\n                    <div class=\"h-image__frame-container\">\n                      <!---->\n                      <!---->\n                      <img loading=\"lazy\" decoding=\"async\" width=\"969\" height=\"578\" src=\"https:\/\/neu.rv-soederblom.de\/wp-content\/uploads\/2026\/02\/Flo_.jpg\" class=\"wp-image-1705 style-1756-image style-local-1089-c12-image\" alt=\"\" srcset=\"https:\/\/neu.rv-soederblom.de\/wp-content\/uploads\/2026\/02\/Flo_.jpg 969w, https:\/\/neu.rv-soederblom.de\/wp-content\/uploads\/2026\/02\/Flo_-300x179.jpg 300w, https:\/\/neu.rv-soederblom.de\/wp-content\/uploads\/2026\/02\/Flo_-768x458.jpg 768w\" sizes=\"auto, (max-width: 969px) 100vw, 969px\" \/>\n                      <div class=\"h-image__frame h-hide-lg h-hide-md h-hide-sm style-1756-frameImage style-local-1089-c12-frameImage\"><\/div>\n                    <\/div>\n                  <\/div>\n                <\/div>\n                <div data-colibri-id=\"1089-c13\" class=\"h-lead h-text h-text-component style-1757 style-local-1089-c13 position-relative h-element\">\n                  <!---->\n                  <!---->\n                  <div class=\"\">\n                    <p>Nach deiser Eingew\u00f6hnungsetappe nach Meppen kamen wir alle frisch und munter an. &#8211; Ist nat\u00fcrlich gelogen, aber die Wahrheit ist l\u00e4ngst verdr\u00e4ngt. Der Komfort im Bootshaus des WSV Meppen war kaum als solcher zu erkennen und lag knapp\n                      unter dem unseres eigenen Bootshauses und weit unter dem, was f\u00fcr uns standesgem\u00e4\u00df ist. (Ist nat\u00fcrlich ein Scherz) Immerhin bekamen jeder von uns seinen eigenen ihm zustehenden Platz auf dem Betonboden in der Bootshalle und durfte\n                      drau\u00dfen auf mitgebrachten Gaskochern sein Essen kochen. Aber wir Ruderinnen und Ruderer hatten es nicht anders gewollt. Au\u00dferdem sind wir ja hart im Nehmen.\n                      <br>Am Abend machten Wilhelm noch einen Kontrollgang zu der mitgebrachten &#8222;Gerstenkaltschale&#8220; in unserem Verpflegungsh\u00e4nger. Dort traf er jemanden, den er nicht kannte. Das lag aber nicht an der Dunkelheit oder seinem Ged\u00e4chtnis. Denn\n                      dieser Jemand kannte Wilhelm auch nicht. Das \u00e4nderte sich nun aber rapide, denn dieser Jemand hatte sich gerade seinen Rucksack mit jener genannten Gerstenkaltschale und dazu Chips &amp; Co. aus unseren Kisten voll gemacht. Uns da\n                      Wilhelm, der sonst wirklich nicht geizig ist, alles kontrollieren wollte, durfte unser pl\u00f6tzlicher und unbekannter Besuch nichts mitnehmen, sondern seine Taschen ganz fix auspacken und zusehen, dass er Land gewinnt, bevor er Wilhelm\n                      noch richtig kennen gelernt h\u00e4tte und von ihm m\u00f6glicherweise &#8222;Kiel geholt&#8220; worden w\u00e4re. Also zog es unser lieber Besuch lieber vor, eben genanntes Land z\u00fcgig zu gewinnen.<\/p>\n                  <\/div>\n                <\/div>\n              <\/div>\n            <\/div>\n          <\/div>\n        <\/div>\n      <\/div>\n      <div data-colibri-id=\"1089-c14\" class=\"h-row-container gutters-row-lg-2 gutters-row-md-2 gutters-row-0 gutters-row-v-lg-2 gutters-row-v-md-2 gutters-row-v-2 style-1745 style-local-1089-c14 position-relative\">\n        <!---->\n        <div class=\"h-row justify-content-lg-center justify-content-md-center justify-content-center align-items-lg-stretch align-items-md-stretch align-items-stretch gutters-col-lg-2 gutters-col-md-2 gutters-col-0 gutters-col-v-lg-2 gutters-col-v-md-2 gutters-col-v-2\">\n          <!---->\n          <div class=\"h-column h-column-container d-flex h-col-lg-auto h-col-md-auto h-col-auto style-1746-outer style-local-1089-c15-outer\">\n            <div data-colibri-id=\"1089-c15\" class=\"d-flex h-flex-basis h-column__inner h-px-lg-2 h-px-md-2 h-px-2 v-inner-lg-2 v-inner-md-2 v-inner-2 style-1746 style-local-1089-c15 position-relative\">\n              <!---->\n              <!---->\n              <div class=\"w-100 h-y-container h-column__content h-column__v-align flex-basis-100 align-self-lg-start align-self-md-start align-self-start\">\n                <!---->\n                <div data-colibri-id=\"1089-c16\" class=\"d-block style-1758 style-local-1089-c16 position-relative h-element\">\n                  <!---->\n                  <div class=\"h-image__frame-container-outer\">\n                    <div class=\"h-image__frame-container\">\n                      <!---->\n                      <!---->\n                      <img loading=\"lazy\" decoding=\"async\" width=\"459\" height=\"630\" src=\"https:\/\/neu.rv-soederblom.de\/wp-content\/uploads\/2026\/02\/Hasem_ndung.jpg\" class=\"wp-image-1706 style-1758-image style-local-1089-c16-image\" alt=\"\" srcset=\"https:\/\/neu.rv-soederblom.de\/wp-content\/uploads\/2026\/02\/Hasem_ndung.jpg 459w, https:\/\/neu.rv-soederblom.de\/wp-content\/uploads\/2026\/02\/Hasem_ndung-219x300.jpg 219w\" sizes=\"auto, (max-width: 459px) 100vw, 459px\" \/>\n                      <div class=\"h-image__frame h-hide-lg h-hide-md h-hide-sm style-1758-frameImage style-local-1089-c16-frameImage\"><\/div>\n                    <\/div>\n                  <\/div>\n                <\/div>\n                <div data-colibri-id=\"1089-c17\" class=\"h-lead h-text h-text-component style-1759 style-local-1089-c17 position-relative h-element\">\n                  <!---->\n                  <!---->\n                  <div class=\"\">\n                    <p>Abends haben wir dann das Nachtleben in dieser Stadt erkundet. Unser erster Eindruck war, dass es hier eigentlich keine Jugendlichen geben konnte, weil alles absolut tote Hose war. Schlie\u00dflich fanden wir aber heraus, dass alle beim\n                      &#8222;Rockpalast&#8220; waren. Aber der sah f\u00fcr 10 DM Eintritt schon so heruntergekommen aus, dass es niemand von uns wagte, ihn zu betreten. Schlie\u00dflich fanden wir die Rettung in Form eines Irish-Pub, in dem es wirklich sch\u00f6n war.\n                      <br>Als wir wieder im Bootshaus ankamen, sahen wir, dass es unsere Senioren mit uns gut gemeint hatten, denn sie hatten ihr Lager im \u00e4u\u00dferen Teil der dreigeteilten Halle aufgeschlagen. So konnten wir Jugendliche uns direkt am Cola-Automaten\n                      in der Mitte ausbreiten. Ein Cola-Automat ist ja an sich nichts schlechtes, manchmal sogar etwas erstrebenswertes. Dieser hier hatte allerdings die unsch\u00f6ne Eigenschaft, alle halbe Stunde die dezent laute K\u00fchlung zu aktivieren. Je\n                      nach M\u00fcdigkeit und Schlafempfindlichkeit schlief man l\u00e4nger als eine halbe Stunde oder auch nicht. Julia hatte einen sehr empfindlichen Schlaf &#8230; Also fanden wir Julia am n\u00e4chsten Morgen vor der Halle wieder, wo sie aus Frust ihr\n                      Quartier in der kalten, aber zum Gl\u00fcck trockenen Nacht aufgeschlagen hatte.<\/p>\n                  <\/div>\n                <\/div>\n                <div data-colibri-id=\"1089-c18\" class=\"d-block style-1760 style-local-1089-c18 position-relative h-element\">\n                  <!---->\n                  <div class=\"h-image__frame-container-outer\">\n                    <div class=\"h-image__frame-container\">\n                      <!---->\n                      <!---->\n                      <img loading=\"lazy\" decoding=\"async\" width=\"459\" height=\"630\" src=\"https:\/\/neu.rv-soederblom.de\/wp-content\/uploads\/2026\/02\/Schleuse-Ems.jpg\" class=\"wp-image-1710 style-1760-image style-local-1089-c18-image\" alt=\"\" srcset=\"https:\/\/neu.rv-soederblom.de\/wp-content\/uploads\/2026\/02\/Schleuse-Ems.jpg 459w, https:\/\/neu.rv-soederblom.de\/wp-content\/uploads\/2026\/02\/Schleuse-Ems-219x300.jpg 219w\" sizes=\"auto, (max-width: 459px) 100vw, 459px\" \/>\n                      <div class=\"h-image__frame h-hide-lg h-hide-md h-hide-sm style-1760-frameImage style-local-1089-c18-frameImage\"><\/div>\n                    <\/div>\n                  <\/div>\n                <\/div>\n                <div data-colibri-id=\"1089-c19\" class=\"h-lead h-text h-text-component style-1761 style-local-1089-c19 position-relative h-element\">\n                  <!---->\n                  <!---->\n                  <div class=\"\">\n                    <p>Die n\u00e4chste Ruderetappe f\u00fchrte uns bei weiter gutem Wetter auf der Ems stromab nach Kluse-Steinbild. Dort gab es leider keinen Ruderverein direkt an der Ems, aber wir konnten unsere Boote in einem Camping-Freizeit-Gel\u00e4nde liegen lassen\n                      und fuhren mit dem Auto zu dem in der N\u00e4he liegenden Bootshaus des WSV D\u00f6rpen. Das Bootshaus war genau das Gegenteil desjenigen der letzten Nacht: Im Erdgescho\u00df war ein gro\u00dfer Aufenthaltsraum vorhanden mit einer modernen K\u00fcchenzeile.\n                      Rind um das Haus erstreckte sich eine sch\u00f6ne Gr\u00fcnanlage bie an den K\u00fcstenkanal. Unter dem Dach befanden sich Matratzen, auf denen wir schlafen konnten. Was f\u00fcr eine Wohltat! Soviel Komfort sind und waren wir nicht gew\u00f6hnt!\n                      <br>Sp\u00e4testens in dieser Nacht stellte sich heraus, wer von den vielen harten Ruderern der h\u00e4rteste ist. Es ist eindeutig Kai, der den Teppichboden einer bequemen Matratze vorzog. Wenn er meint&#8230;.\n                      <br>Die n\u00e4chste Etappe f\u00fchrte und nach Papenburg. Diese Etappe begann so wie die letzte aufgeh\u00f6rt hatte. N\u00e4mlich mit nassen F\u00fc\u00dfen, weil es keinen geeigneten Steg f\u00fcr unsere Ruderboote gab. Also mussten wir etwas durchs Wasser&#8230;.\n                      <br>Um in den Hafen von Papenburg zu gelangen, muss man zum einen an der Meyer-Werft vorbei, was sehr beeindruckend war und auch kein Problem darstellte. (Denn zum Gl\u00fcck schickten die nicht gerade ein Schiff los). Zum anderen muss man\n                      eine Schleuse benutzen. Dabei konnten wir erleben, dass es auch sehr unfreundliche Schleusenw\u00e4rter gibt. Zuerst lie\u00df er uns lange auf ein weiteres Schiff warten und meinte dann, uns von oben herab herumkommendieren zu k\u00f6nnen, nur\n                      weil er geographisch h\u00f6her stand. Tut uns leid, dass unsere gute Laune seinen schlechten Tag durchkreuzt hatte.<\/p>\n                  <\/div>\n                <\/div>\n                <div data-colibri-id=\"1089-c20\" class=\"d-block style-1762 style-local-1089-c20 position-relative h-element\">\n                  <!---->\n                  <div class=\"h-image__frame-container-outer\">\n                    <div class=\"h-image__frame-container\">\n                      <!---->\n                      <!---->\n                      <img loading=\"lazy\" decoding=\"async\" width=\"848\" height=\"551\" src=\"https:\/\/neu.rv-soederblom.de\/wp-content\/uploads\/2026\/02\/Papenburg.jpg\" class=\"wp-image-1709 style-1762-image style-local-1089-c20-image\" alt=\"\" srcset=\"https:\/\/neu.rv-soederblom.de\/wp-content\/uploads\/2026\/02\/Papenburg.jpg 848w, https:\/\/neu.rv-soederblom.de\/wp-content\/uploads\/2026\/02\/Papenburg-300x195.jpg 300w, https:\/\/neu.rv-soederblom.de\/wp-content\/uploads\/2026\/02\/Papenburg-768x499.jpg 768w\" sizes=\"auto, (max-width: 848px) 100vw, 848px\" \/>\n                      <div class=\"h-image__frame h-hide-lg h-hide-md h-hide-sm style-1762-frameImage style-local-1089-c20-frameImage\"><\/div>\n                    <\/div>\n                  <\/div>\n                <\/div>\n                <div data-colibri-id=\"1089-c21\" class=\"h-lead h-text h-text-component style-1763 style-local-1089-c21 position-relative h-element\">\n                  <!---->\n                  <!---->\n                  <div class=\"\">\n                    <p>Ansonsten klang dieser Tag noch in einem gem\u00fctlichen Abend in der \u00fcberaus sehenswerten Stadt Papenburg aus. Die n\u00e4chste und letzte Ruderetappe war richtig dramatisch. Und das aus zwei Gr\u00fcnden. Zum einen fand der Landdienst (Julia und\n                      Jens) den Zielhafen in Leer erst nicht und irrte Ewigkeiten und unendliche Weiten herum. Eigentlich wollte man sich in einem kleinen ehemaligen Fischerhafen treffen, der bei Niedrigwasser trocken f\u00e4llt. Eigentlich h\u00e4tte es zeitlich\n                      mit dem Wasserstand noch klappen sollen. Als der Landdienst jedoch dann dort war, konnte er absehen, dass die Slipanlage bis zur Ankunft der Boote trocken gefallen w\u00e4re. Leider \u00fcbersahen die beiden Landdienstler dabei einen Nebenanleger,\n                      der, weil ein Schwimmsteg, immer befahrbar war. Also suchten sie tapfer, aber mit wenig Erfolg nach einem Ausweichhafen. Letztendlich waren die Ruderboote vor dem Landdienst am Steg und hatten teilweise bereits angelegt. Blamabel\n                      f\u00fcr den Landdienst, aber nicht zu \u00e4ndern.\n                      <br>Der zweite Grund f\u00fcr die Dramaturgie dieser Etappe war zu diesem Zeitpunkt schon vorbei. Und zwar hatte sich das Jugendboot (S\u00f6derblom) mit dem Tugger (Senioren und Kai) ein packendes Kopf-an-Kopf-Rennen bis aufs \u00c4u\u00dferste geliefert\n                      und ihn schlie\u00dflich auch &#8222;abgehangen&#8220;. (Der Tugger tat so, als w\u00fcrde er eine normale Pause machen). So hatten die Jugendlichen ungeplant eine ewiglange Strecke von 16 Kilometern, ohne Pause in folgender Besetzung gerudert: Achim\n                      Sauerbrey, Christian Schaad, Sue Seewald (ihre H\u00e4nde bestanden nur noch aus Blasen!), Nils Fangmeier (Der Wille war stark, das Fleisch war sehr schwach!), Steuerfrau: Anuschka Buchholz! Eine Meisterleistung.\n                      <br>Wolfgang Bosch als Sportlehrer w\u00e4re sicherlich begeistert gewesen, wenn dies ein Kursboot im Sportunterricht gewesen w\u00e4re. Was f\u00fcr ein kr\u00f6nender Abschluss dieser Fahrt. So konnten wir nach fast 120 geruderten Kilometern m\u00fcde und\n                      zufrieden die Heimfahrt antreten.\n                      <br>\n                      <br>Bericht: Jens Michael Str\u00f6bel\n                      <br>Fotos: Wolfgang Bosch<\/p>\n                  <\/div>\n                <\/div>\n              <\/div>\n            <\/div>\n          <\/div>\n        <\/div>\n      <\/div>\n    <\/div>\n  <\/div>\n<\/div>","protected":false},"excerpt":{"rendered":"<p>Ruderwanderfahrt Hase \u2013 Ems 24.5. \u2013 27.5.2001 Hasel\u00fcnne \u2013 Meppen \u2013 Bergen \u2013 Papenburg \u2013 Leer Das Schwierigste bei dieser Wanderfahrt war nicht die Fahrt selbst, sondern eher das Planen im Vorfeld, da es t\u00e4glich neue Bootsbesatzungen gab. Erst wurden es immer mehr, vor allem Jugendliche (absolut rekordverd\u00e4chtige Gr\u00f6\u00dfenordnungen) und dann, je n\u00e4her die Fahrt [&hellip;]<\/p>\n","protected":false},"author":2,"featured_media":0,"parent":0,"menu_order":0,"comment_status":"closed","ping_status":"closed","template":"page-templates\/full-width-page.php","meta":{"footnotes":""},"class_list":["post-1089","page","type-page","status-publish","hentry"],"_links":{"self":[{"href":"https:\/\/neu.rv-soederblom.de\/index.php?rest_route=\/wp\/v2\/pages\/1089","targetHints":{"allow":["GET"]}}],"collection":[{"href":"https:\/\/neu.rv-soederblom.de\/index.php?rest_route=\/wp\/v2\/pages"}],"about":[{"href":"https:\/\/neu.rv-soederblom.de\/index.php?rest_route=\/wp\/v2\/types\/page"}],"author":[{"embeddable":true,"href":"https:\/\/neu.rv-soederblom.de\/index.php?rest_route=\/wp\/v2\/users\/2"}],"replies":[{"embeddable":true,"href":"https:\/\/neu.rv-soederblom.de\/index.php?rest_route=%2Fwp%2Fv2%2Fcomments&post=1089"}],"version-history":[{"count":5,"href":"https:\/\/neu.rv-soederblom.de\/index.php?rest_route=\/wp\/v2\/pages\/1089\/revisions"}],"predecessor-version":[{"id":1809,"href":"https:\/\/neu.rv-soederblom.de\/index.php?rest_route=\/wp\/v2\/pages\/1089\/revisions\/1809"}],"wp:attachment":[{"href":"https:\/\/neu.rv-soederblom.de\/index.php?rest_route=%2Fwp%2Fv2%2Fmedia&parent=1089"}],"curies":[{"name":"wp","href":"https:\/\/api.w.org\/{rel}","templated":true}]}}