{"id":135,"date":"2024-04-01T19:54:50","date_gmt":"2024-04-01T17:54:50","guid":{"rendered":"https:\/\/neu.rv-soederblom.de\/?page_id=135"},"modified":"2025-02-16T20:08:43","modified_gmt":"2025-02-16T19:08:43","slug":"kontakt","status":"publish","type":"page","link":"https:\/\/neu.rv-soederblom.de\/?page_id=135","title":{"rendered":"Kontakt"},"content":{"rendered":"<div data-colibri-id=\"135-c1\" class=\"style-228 style-local-135-c1 position-relative\">\r\n  <!---->\r\n  <div data-colibri-component=\"section\" data-colibri-id=\"135-c2\" id=\"custom\" class=\"h-section h-section-global-spacing d-flex align-items-lg-center align-items-md-center align-items-center style-239 style-local-135-c2 position-relative\">\r\n    <!---->\r\n    <!---->\r\n    <div class=\"h-section-grid-container h-section-boxed-container\">\r\n      <!---->\r\n      <div data-colibri-id=\"135-c3\" class=\"h-row-container gutters-row-lg-2 gutters-row-md-2 gutters-row-0 gutters-row-v-lg-2 gutters-row-v-md-2 gutters-row-v-2 style-240 style-local-135-c3 position-relative\">\r\n        <!---->\r\n        <div class=\"h-row justify-content-lg-center justify-content-md-center justify-content-center align-items-lg-stretch align-items-md-stretch align-items-stretch gutters-col-lg-2 gutters-col-md-2 gutters-col-0 gutters-col-v-lg-2 gutters-col-v-md-2 gutters-col-v-2\">\r\n          <!---->\r\n          <div class=\"h-column h-column-container d-flex h-col-lg-auto h-col-md-auto h-col-auto style-241-outer style-local-135-c4-outer\">\r\n            <div data-colibri-id=\"135-c4\" class=\"d-flex h-flex-basis h-column__inner h-px-lg-2 h-px-md-2 h-px-2 v-inner-lg-2 v-inner-md-2 v-inner-2 style-241 style-local-135-c4 position-relative\">\r\n              <!---->\r\n              <!---->\r\n              <div class=\"w-100 h-y-container h-column__content h-column__v-align flex-basis-100 align-self-lg-start align-self-md-start align-self-start\">\r\n                <!---->\r\n                <div data-colibri-id=\"135-c5\" class=\"h-x-container style-796 style-local-135-c5 position-relative h-element\">\r\n                  <!---->\r\n                  <div class=\"h-x-container-inner style-dynamic-135-c5-group style-796-spacing style-local-135-c5-spacing\"><span class=\"h-link__outer style-797-outer style-local-135-c6-outer d-inline-flex h-element\"><a h-use-smooth-scroll=\"true\" href=\"mailto:kontakt@rv-soederblom.de\"  data-colibri-id=\"135-c6\" class=\"d-flex w-100 align-items-center h-link style-797 style-local-135-c6 position-relative\"><!----><span  class=\"h-svg-icon h-link__icon style-797-icon style-local-135-c6-icon\"><!--Icon by Font Awesome (https:\/\/fontawesome.com)-->\r\n    <svg version=\"1.1\" xmlns=\"http:\/\/www.w3.org\/2000\/svg\" xmlns:xlink=\"http:\/\/www.w3.org\/1999\/xlink\" id=\"envelope-o\" viewBox=\"0 0 1792 1896.0833\">\r\n      <path d=\"M1664 1504V736q-32 36-69 66-268 206-426 338-51 43-83 67t-86.5 48.5T897 1280h-2q-48 0-102.5-24.5T706 1207t-83-67q-158-132-426-338-37-30-69-66v768q0 13 9.5 22.5t22.5 9.5h1472q13 0 22.5-9.5t9.5-22.5zm0-1051v-24.5l-.5-13-3-12.5-5.5-9-9-7.5-14-2.5H160q-13 0-22.5 9.5T128 416q0 168 147 284 193 152 401 317 6 5 35 29.5t46 37.5 44.5 31.5T852 1143t43 9h2q20 0 43-9t50.5-27.5 44.5-31.5 46-37.5 35-29.5q208-165 401-317 54-43 100.5-115.5T1664 453zm128-37v1088q0 66-47 113t-113 47H160q-66 0-113-47T0 1504V416q0-66 47-113t113-47h1472q66 0 113 47t47 113z\"><\/path>\r\n    <\/svg><\/span> <span>kontakt@rv-soederblom.de<\/span><\/a>\r\n                    <\/span>\r\n                  <\/div>\r\n                <\/div>\r\n              <\/div>\r\n            <\/div>\r\n          <\/div>\r\n        <\/div>\r\n      <\/div>\r\n    <\/div>\r\n  <\/div>\r\n  <div data-colibri-component=\"section\" data-colibri-id=\"135-c7\" id=\"features\" class=\"h-section h-section-global-spacing d-flex align-items-lg-center align-items-md-center align-items-center style-409 style-local-135-c7 position-relative\">\r\n    <!---->\r\n    <!---->\r\n    <div class=\"h-section-grid-container h-section-fluid-container\">\r\n      <div data-colibri-id=\"135-c23\" class=\"h-row-container gutters-row-lg-2 gutters-row-md-2 gutters-row-0 gutters-row-v-lg-2 gutters-row-v-md-2 gutters-row-v-2 style-418 style-local-135-c23 position-relative\">\r\n        <!---->\r\n        <div class=\"h-row justify-content-lg-center justify-content-md-center justify-content-center align-items-lg-stretch align-items-md-stretch align-items-stretch gutters-col-lg-2 gutters-col-md-2 gutters-col-0 gutters-col-v-lg-2 gutters-col-v-md-2 gutters-col-v-2\">\r\n          <!---->\r\n          <div class=\"h-column h-column-container d-flex h-col-lg-auto h-col-md-auto h-col-auto style-419-outer style-local-135-c24-outer\">\r\n            <div data-colibri-id=\"135-c24\" class=\"d-flex h-flex-basis h-column__inner h-px-lg-2 h-px-md-2 h-px-2 v-inner-lg-2 v-inner-md-2 v-inner-2 style-419 style-local-135-c24 position-relative\">\r\n              <!---->\r\n              <!---->\r\n              <div class=\"w-100 h-y-container h-column__content h-column__v-align flex-basis-100 align-self-lg-start align-self-md-start align-self-start\">\r\n                <!---->\r\n                <div data-colibri-id=\"135-c25\" class=\"h-global-transition-all h-heading style-420 style-local-135-c25 position-relative h-element\">\r\n                  <!---->\r\n                  <div class=\"h-heading__outer style-420 style-local-135-c25\">\r\n                    <!---->\r\n                    <!---->\r\n                    <h5 class=\"\">Haben wir dein Interesse geweckt? Dann schick uns ein Mail<\/h5>\r\n                  <\/div>\r\n                <\/div>\r\n                <div data-colibri-id=\"135-c26\" class=\"h-x-container style-422 style-local-135-c26 position-relative h-element\">\r\n                  <!---->\r\n                  <div class=\"h-x-container-inner style-dynamic-135-c26-group style-422-spacing style-local-135-c26-spacing\"><span class=\"h-link__outer style-423-outer style-local-135-c27-outer d-inline-flex h-element\"><a h-use-smooth-scroll=\"true\" href=\"mailto:kontakt@rv-soederblom.de\"  data-colibri-id=\"135-c27\" class=\"d-flex w-100 align-items-center h-link style-423 style-local-135-c27 position-relative\"><!----><span  class=\"h-svg-icon h-link__icon style-423-icon style-local-135-c27-icon\"><!--Icon by Font Awesome (https:\/\/fontawesome.com)-->\r\n    <svg version=\"1.1\" xmlns=\"http:\/\/www.w3.org\/2000\/svg\" xmlns:xlink=\"http:\/\/www.w3.org\/1999\/xlink\" id=\"envelope-o\" viewBox=\"0 0 1792 1896.0833\">\r\n      <path d=\"M1664 1504V736q-32 36-69 66-268 206-426 338-51 43-83 67t-86.5 48.5T897 1280h-2q-48 0-102.5-24.5T706 1207t-83-67q-158-132-426-338-37-30-69-66v768q0 13 9.5 22.5t22.5 9.5h1472q13 0 22.5-9.5t9.5-22.5zm0-1051v-24.5l-.5-13-3-12.5-5.5-9-9-7.5-14-2.5H160q-13 0-22.5 9.5T128 416q0 168 147 284 193 152 401 317 6 5 35 29.5t46 37.5 44.5 31.5T852 1143t43 9h2q20 0 43-9t50.5-27.5 44.5-31.5 46-37.5 35-29.5q208-165 401-317 54-43 100.5-115.5T1664 453zm128-37v1088q0 66-47 113t-113 47H160q-66 0-113-47T0 1504V416q0-66 47-113t113-47h1472q66 0 113 47t47 113z\"><\/path>\r\n    <\/svg><\/span> <span>kontakt@rv-soederblom.de<\/span><\/a>\r\n                    <\/span>\r\n                  <\/div>\r\n                <\/div>\r\n              <\/div>\r\n            <\/div>\r\n          <\/div>\r\n        <\/div>\r\n      <\/div>\r\n      <div data-colibri-id=\"135-c8\" class=\"h-row-container gutters-row-lg-2 gutters-row-md-2 gutters-row-2 gutters-row-v-lg-2 gutters-row-v-md-2 gutters-row-v-2 style-410 style-local-135-c8 position-relative\">\r\n        <!---->\r\n        <div class=\"h-row justify-content-lg-center justify-content-md-center justify-content-center align-items-lg-stretch align-items-md-stretch align-items-stretch gutters-col-lg-2 gutters-col-md-2 gutters-col-2 gutters-col-v-lg-2 gutters-col-v-md-2 gutters-col-v-2\">\r\n          <!---->\r\n          <div class=\"h-column h-column-container d-flex h-col-lg-6 h-col-md-6 h-col-12 style-411-outer style-local-135-c9-outer\">\r\n            <div data-colibri-id=\"135-c9\" class=\"d-flex h-flex-basis h-column__inner h-px-lg-0 h-px-md-0 h-px-2 v-inner-lg-0 v-inner-md-0 v-inner-2 style-411 style-local-135-c9 position-relative\">\r\n              <!---->\r\n              <!---->\r\n              <div class=\"w-100 h-y-container h-column__content h-column__v-align flex-basis-100 align-self-lg-start align-self-md-start align-self-start\">\r\n                <!---->\r\n                <div data-colibri-id=\"135-c10\" class=\"h-row-container gutters-row-lg-1 gutters-row-md-1 gutters-row-0 gutters-row-v-lg-1 gutters-row-v-md-1 gutters-row-v-2 style-412 style-local-135-c10 position-relative\">\r\n                  <!---->\r\n                  <div class=\"h-row justify-content-lg-center justify-content-md-center justify-content-center align-items-lg-stretch align-items-md-stretch align-items-stretch gutters-col-lg-1 gutters-col-md-1 gutters-col-0 gutters-col-v-lg-1 gutters-col-v-md-1 gutters-col-v-2\">\r\n                    <!---->\r\n                    <div class=\"h-column h-column-container d-flex h-col-lg-auto h-col-md-auto h-col-auto style-413-outer style-local-135-c11-outer\">\r\n                      <div data-colibri-id=\"135-c11\" class=\"d-flex h-flex-basis h-column__inner h-px-lg-1 h-px-md-1 h-px-1 v-inner-lg-1 v-inner-md-1 v-inner-1 style-413 style-local-135-c11 position-relative\">\r\n                        <!---->\r\n                        <!---->\r\n                        <div class=\"w-100 h-y-container h-column__content h-column__v-align flex-basis-auto align-self-lg-start align-self-md-start align-self-start\">\r\n                          <!---->\r\n                          <div data-colibri-id=\"135-c12\" class=\"h-icon style-414 style-local-135-c12 position-relative h-element\">\r\n                            <!----><span class=\"h-svg-icon h-icon__icon style-414-icon style-local-135-c12-icon\"><!--Icon by Socicon (http:\/\/www.socicon.com)--><svg version=\"1.1\" xmlns=\"http:\/\/www.w3.org\/2000\/svg\" viewBox=\"0 0 1500 1500\">\r\n\r\n<path d=\"M799.805 922.852c-14.648 11.719-32.227 20.508-49.805 20.508s-35.156-8.789-49.805-20.508l-700.195-571.289v899.414h1500v-899.414zM750 750c14.648 0 29.297-5.859 41.016-14.648l594.727-486.328h-1271.484l594.727 486.328c11.719 8.789 26.367 14.648 41.016 14.648z\"><\/path>\r\n<\/svg>\r\n<\/span><\/div>\r\n                        <\/div>\r\n                      <\/div>\r\n                    <\/div>\r\n                    <div class=\"h-column h-column-container d-flex h-col-lg h-col-md h-col-auto style-415-outer style-local-135-c13-outer\">\r\n                      <div data-colibri-id=\"135-c13\" class=\"d-flex h-flex-basis h-column__inner h-px-lg-1 h-px-md-1 h-px-1 v-inner-lg-1 v-inner-md-1 v-inner-1 style-415 style-local-135-c13 position-relative\">\r\n                        <!---->\r\n                        <!---->\r\n                        <div class=\"w-100 h-y-container h-column__content h-column__v-align flex-basis-100 align-self-lg-start align-self-md-start align-self-start\">\r\n                          <!---->\r\n                          <div data-colibri-id=\"135-c14\" class=\"h-global-transition-all h-heading style-416 style-local-135-c14 position-relative h-element\">\r\n                            <!---->\r\n                            <div class=\"h-heading__outer style-416 style-local-135-c14\">\r\n                              <!---->\r\n                              <!---->\r\n                              <h5 class=\"\">Adresse<\/h5>\r\n                            <\/div>\r\n                          <\/div>\r\n                          <div data-colibri-id=\"135-c15\" class=\"h-text h-text-component style-417 style-local-135-c15 position-relative h-element\">\r\n                            <!---->\r\n                            <!---->\r\n                            <div class=\"\">\r\n                              <p>Hohenfelder Weg 4, 32339 Espelkamp<\/p>\r\n                              <p>(im Navi &#8222;Hohenfelder Weg 3&#8220; eingeben)<\/p>\r\n                              <p>\r\n                                <br>\r\n                              <\/p>\r\n                            <\/div>\r\n                          <\/div>\r\n                        <\/div>\r\n                      <\/div>\r\n                    <\/div>\r\n                  <\/div>\r\n                <\/div>\r\n              <\/div>\r\n            <\/div>\r\n          <\/div>\r\n          <div class=\"h-column h-column-container d-flex h-col-lg-6 h-col-md-6 h-col-12 style-411-outer style-local-135-c16-outer\">\r\n            <div data-colibri-id=\"135-c16\" class=\"d-flex h-flex-basis h-column__inner h-px-lg-0 h-px-md-0 h-px-2 v-inner-lg-0 v-inner-md-0 v-inner-2 style-411 style-local-135-c16 position-relative\">\r\n              <!---->\r\n              <!---->\r\n              <div class=\"w-100 h-y-container h-column__content h-column__v-align flex-basis-100 align-self-lg-start align-self-md-start align-self-start\">\r\n                <!---->\r\n                <div data-colibri-id=\"135-c17\" class=\"h-row-container gutters-row-lg-1 gutters-row-md-1 gutters-row-0 gutters-row-v-lg-1 gutters-row-v-md-1 gutters-row-v-2 style-412 style-local-135-c17 position-relative\">\r\n                  <!---->\r\n                  <div class=\"h-row justify-content-lg-center justify-content-md-center justify-content-center align-items-lg-stretch align-items-md-stretch align-items-stretch gutters-col-lg-1 gutters-col-md-1 gutters-col-0 gutters-col-v-lg-1 gutters-col-v-md-1 gutters-col-v-2\">\r\n                    <!---->\r\n                    <div class=\"h-column h-column-container d-flex h-col-lg-auto h-col-md-auto h-col-auto style-413-outer style-local-135-c18-outer\">\r\n                      <div data-colibri-id=\"135-c18\" class=\"d-flex h-flex-basis h-column__inner h-px-lg-1 h-px-md-1 h-px-1 v-inner-lg-1 v-inner-md-1 v-inner-1 style-413 style-local-135-c18 position-relative\">\r\n                        <!---->\r\n                        <!---->\r\n                        <div class=\"w-100 h-y-container h-column__content h-column__v-align flex-basis-auto align-self-lg-start align-self-md-start align-self-start\">\r\n                          <!---->\r\n                          <div data-colibri-id=\"135-c19\" class=\"h-icon style-414 style-local-135-c19 position-relative h-element\">\r\n                            <!----><span class=\"h-svg-icon h-icon__icon style-414-icon style-local-135-c19-icon\"><!--Icon by Font Awesome (https:\/\/fontawesome.com)-->\r\n    <svg version=\"1.1\" xmlns=\"http:\/\/www.w3.org\/2000\/svg\" xmlns:xlink=\"http:\/\/www.w3.org\/1999\/xlink\" id=\"road\" viewBox=\"0 0 1920 1896.0833\">\r\n      <path d=\"M1111 996v-4l-24-320q-1-13-11-22.5t-23-9.5H867q-13 0-23 9.5T833 672l-24 320v4q-1 12 8 20t21 8h244q12 0 21-8t8-20zm759 467q0 73-46 73h-704q13 0 22-9.5t8-22.5l-20-256q-1-13-11-22.5t-23-9.5H824q-13 0-23 9.5t-11 22.5l-20 256q-1 13 8 22.5t22 9.5H96q-46 0-46-73 0-54 26-116L493 303q8-19 26-33t38-14h339q-13 0-23 9.5T862 288l-15 192q-1 14 8 23t22 9h166q13 0 22-9t8-23l-15-192q-1-13-11-22.5t-23-9.5h339q20 0 38 14t26 33l417 1044q26 62 26 116z\"><\/path>\r\n    <\/svg><\/span><\/div>\r\n                        <\/div>\r\n                      <\/div>\r\n                    <\/div>\r\n                    <div class=\"h-column h-column-container d-flex h-col-lg h-col-md h-col-auto style-415-outer style-local-135-c20-outer\">\r\n                      <div data-colibri-id=\"135-c20\" class=\"d-flex h-flex-basis h-column__inner h-px-lg-1 h-px-md-1 h-px-1 v-inner-lg-1 v-inner-md-1 v-inner-1 style-415 style-local-135-c20 position-relative\">\r\n                        <!---->\r\n                        <!---->\r\n                        <div class=\"w-100 h-y-container h-column__content h-column__v-align flex-basis-100 align-self-lg-start align-self-md-start align-self-start\">\r\n                          <!---->\r\n                          <div data-colibri-id=\"135-c21\" class=\"h-global-transition-all h-heading style-416 style-local-135-c21 position-relative h-element\">\r\n                            <!---->\r\n                            <div class=\"h-heading__outer style-416 style-local-135-c21\">\r\n                              <!---->\r\n                              <!---->\r\n                              <h5 class=\"\">Anfahrt<\/h5>\r\n                            <\/div>\r\n                          <\/div>\r\n                          <div data-colibri-id=\"135-c22\" class=\"h-text h-text-component style-417 style-local-135-c22 position-relative h-element\">\r\n                            <!---->\r\n                            <!---->\r\n                            <div class=\"\">\r\n                              <p>von Espelkamp kommend an der Ampelkreuzung (Industriegebiet) rechts abbiegen, sofort wieder links abbiegen, der Stra\u00dfe &#8222;Auf dem Richtepatt&#8220; folgen bis in die Sackgasse hinein, m\u00f6glichst auf der linken Stra\u00dfenseite (der Bundesstra\u00dfe\r\n                                zugewandt) parken, am Sackgassenende durch das W\u00e4ldchen zu Fu\u00df zum Kanal gehen, am Wasser links ab unter der Br\u00fccke her zum Bootshaus.<\/p>\r\n                              <p>Mit dem Auto ist f\u00fcr Anlieferungen nach Anmeldung eine Zufahrt \u00fcber den Hohenfelder Weg m\u00f6glich (Absperrpfosten!)<\/p>\r\n                              <p>\r\n                                <br>\r\n                              <\/p>\r\n                            <\/div>\r\n                          <\/div>\r\n                        <\/div>\r\n                      <\/div>\r\n                    <\/div>\r\n                  <\/div>\r\n                <\/div>\r\n              <\/div>\r\n            <\/div>\r\n          <\/div>\r\n        <\/div>\r\n      <\/div>\r\n    <\/div>\r\n  <\/div>\r\n<\/div>","protected":false},"excerpt":{"rendered":"<p>kontakt@rv-soederblom.de Haben wir dein Interesse geweckt? Dann schick uns ein Mail kontakt@rv-soederblom.de Adresse Hohenfelder Weg 4, 32339 Espelkamp (im Navi &#8222;Hohenfelder Weg 3&#8220; eingeben) Anfahrt von Espelkamp kommend an der Ampelkreuzung (Industriegebiet) rechts abbiegen, sofort wieder links abbiegen, der Stra\u00dfe &#8222;Auf dem Richtepatt&#8220; folgen bis in die Sackgasse hinein, m\u00f6glichst auf der linken Stra\u00dfenseite (der [&hellip;]<\/p>\n","protected":false},"author":2,"featured_media":0,"parent":0,"menu_order":0,"comment_status":"closed","ping_status":"closed","template":"page-templates\/full-width-page.php","meta":{"footnotes":""},"class_list":["post-135","page","type-page","status-publish","hentry"],"_links":{"self":[{"href":"https:\/\/neu.rv-soederblom.de\/index.php?rest_route=\/wp\/v2\/pages\/135","targetHints":{"allow":["GET"]}}],"collection":[{"href":"https:\/\/neu.rv-soederblom.de\/index.php?rest_route=\/wp\/v2\/pages"}],"about":[{"href":"https:\/\/neu.rv-soederblom.de\/index.php?rest_route=\/wp\/v2\/types\/page"}],"author":[{"embeddable":true,"href":"https:\/\/neu.rv-soederblom.de\/index.php?rest_route=\/wp\/v2\/users\/2"}],"replies":[{"embeddable":true,"href":"https:\/\/neu.rv-soederblom.de\/index.php?rest_route=%2Fwp%2Fv2%2Fcomments&post=135"}],"version-history":[{"count":20,"href":"https:\/\/neu.rv-soederblom.de\/index.php?rest_route=\/wp\/v2\/pages\/135\/revisions"}],"predecessor-version":[{"id":1061,"href":"https:\/\/neu.rv-soederblom.de\/index.php?rest_route=\/wp\/v2\/pages\/135\/revisions\/1061"}],"wp:attachment":[{"href":"https:\/\/neu.rv-soederblom.de\/index.php?rest_route=%2Fwp%2Fv2%2Fmedia&parent=135"}],"curies":[{"name":"wp","href":"https:\/\/api.w.org\/{rel}","templated":true}]}}