{"id":1999,"date":"2026-04-12T21:09:28","date_gmt":"2026-04-12T19:09:28","guid":{"rendered":"https:\/\/neu.rv-soederblom.de\/?page_id=1999"},"modified":"2026-04-12T23:04:21","modified_gmt":"2026-04-12T21:04:21","slug":"tag-der-offenen-tuer-2026","status":"publish","type":"page","link":"https:\/\/neu.rv-soederblom.de\/?page_id=1999","title":{"rendered":"Tag der offenen T\u00fcr 2026"},"content":{"rendered":"<div data-colibri-id=\"1999-c1\" class=\"style-2064 style-local-1999-c1 position-relative\">\n  <!---->\n  <div data-colibri-component=\"section\" data-colibri-id=\"1999-c2\" id=\"custom\" class=\"h-section h-section-global-spacing d-flex align-items-lg-center align-items-md-center align-items-center style-2065 style-local-1999-c2 position-relative\">\n    <!---->\n    <!---->\n    <div class=\"h-section-grid-container h-section-boxed-container\">\n      <!---->\n      <div data-colibri-id=\"1999-c3\" class=\"h-row-container gutters-row-lg-2 gutters-row-md-2 gutters-row-0 gutters-row-v-lg-2 gutters-row-v-md-2 gutters-row-v-2 style-2068 style-local-1999-c3 position-relative\">\n        <!---->\n        <div class=\"h-row justify-content-lg-center justify-content-md-center justify-content-center align-items-lg-stretch align-items-md-stretch align-items-stretch gutters-col-lg-2 gutters-col-md-2 gutters-col-0 gutters-col-v-lg-2 gutters-col-v-md-2 gutters-col-v-2\">\n          <!---->\n          <div class=\"h-column h-column-container d-flex h-col-lg-auto h-col-md-auto h-col-auto style-2069-outer style-local-1999-c4-outer\">\n            <div data-colibri-id=\"1999-c4\" class=\"d-flex h-flex-basis h-column__inner h-px-lg-2 h-px-md-2 h-px-2 v-inner-lg-2 v-inner-md-2 v-inner-2 style-2069 style-local-1999-c4 position-relative\">\n              <!---->\n              <!---->\n              <div class=\"w-100 h-y-container h-column__content h-column__v-align flex-basis-100 align-self-lg-start align-self-md-start align-self-start\">\n                <!---->\n                <div data-colibri-id=\"1999-c5\" class=\"h-text h-text-component style-2070 style-local-1999-c5 position-relative h-element\">\n                  <!---->\n                  <!---->\n                  <div class=\"\">\n                    <p>&#8222;Tag der offenen T\u00fcr&#8220; des Kanu- und Rudervereins<\/p>\n                    <p>dieses Jahr am 10.5.2026<\/p>\n                    <p>10:00 &#8211; 16:00 Uhr<\/p>\n                  <\/div>\n                <\/div>\n              <\/div>\n            <\/div>\n          <\/div>\n        <\/div>\n      <\/div>\n    <\/div>\n  <\/div>\n  <div data-colibri-component=\"section\" data-colibri-id=\"1999-c6\" id=\"about\" class=\"h-section h-section-global-spacing d-flex align-items-lg-center align-items-md-center align-items-center style-2074 style-local-1999-c6 position-relative\">\n    <!---->\n    <!---->\n    <div class=\"h-section-grid-container h-section-boxed-container\">\n      <!---->\n      <div data-colibri-id=\"1999-c7\" class=\"h-row-container gutters-row-lg-0 gutters-row-md-0 gutters-row-0 gutters-row-v-lg-0 gutters-row-v-md-0 gutters-row-v-0 style-2075 style-local-1999-c7 position-relative\">\n        <!---->\n        <div class=\"h-row justify-content-lg-center justify-content-md-center justify-content-center align-items-lg-stretch align-items-md-stretch align-items-stretch gutters-col-lg-0 gutters-col-md-0 gutters-col-0 gutters-col-v-lg-0 gutters-col-v-md-0 gutters-col-v-0\">\n          <!---->\n          <div class=\"h-column h-column-container d-flex h-col-lg-auto h-col-md-auto h-col-auto style-2076-outer style-local-1999-c8-outer\">\n            <div data-colibri-id=\"1999-c8\" class=\"d-flex h-flex-basis h-column__inner h-px-lg-0 h-px-md-0 h-px-0 v-inner-lg-0 v-inner-md-0 v-inner-0 style-2076 style-local-1999-c8 position-relative\">\n              <!---->\n              <!---->\n              <div class=\"w-100 h-y-container h-column__content h-column__v-align flex-basis-100 align-self-lg-start align-self-md-start align-self-start\">\n                <!---->\n                <div data-colibri-id=\"1999-c9\" class=\"h-global-transition-all h-heading style-2077 style-local-1999-c9 position-relative h-element\">\n                  <!---->\n                  <div class=\"h-heading__outer style-2077 style-local-1999-c9\">\n                    <!---->\n                    <!---->\n                    <h2 class=\"\">10:00 &#8211; 16:00 h<\/h2>\n                  <\/div>\n                <\/div>\n                <div data-colibri-id=\"1999-c10\" class=\"h-text h-text-component style-2079 style-local-1999-c10 position-relative h-element\">\n                  <!---->\n                  <!---->\n                  <div class=\"\">\n                    <p>Die Kanusportgruppe und der Ruderverein des S\u00f6derblom-Gymnasiums laden herzlich alle Interessierten und Sportbegeisterte zum &#8222;Tag der offenen Ruderhauses&#8220; ein.<\/p>\n                    <p>\n                      <br>\n                    <\/p>\n                  <\/div>\n                <\/div>\n              <\/div>\n            <\/div>\n          <\/div>\n          <div class=\"h-column h-column-container d-flex h-col-lg-auto h-col-md-auto h-col-auto style-2080-outer style-local-1999-c11-outer\">\n            <div data-colibri-id=\"1999-c11\" class=\"d-flex h-flex-basis h-column__inner h-ui-empty-state-container h-px-lg-2 h-px-md-2 h-px-2 v-inner-lg-2 v-inner-md-2 v-inner-2 style-2080 style-local-1999-c11 position-relative\">\n              <!---->\n              <!---->\n              <div class=\"w-100 h-y-container h-column__content h-column__v-align flex-basis-100\">\n                <!---->\n              <\/div>\n            <\/div>\n          <\/div>\n        <\/div>\n      <\/div>\n    <\/div>\n  <\/div>\n  <div data-colibri-component=\"section\" data-colibri-id=\"1999-c12\" id=\"custom-2\" class=\"h-section h-section-global-spacing d-flex align-items-lg-center align-items-md-center align-items-center style-2081 style-local-1999-c12 position-relative\">\n    <!---->\n    <!---->\n    <div class=\"h-section-grid-container h-section-boxed-container\">\n      <!---->\n      <div data-colibri-id=\"1999-c13\" class=\"h-row-container gutters-row-lg-2 gutters-row-md-2 gutters-row-0 gutters-row-v-lg-2 gutters-row-v-md-2 gutters-row-v-2 style-2082 style-local-1999-c13 position-relative\">\n        <!---->\n        <div class=\"h-row justify-content-lg-center justify-content-md-center justify-content-center align-items-lg-stretch align-items-md-stretch align-items-stretch gutters-col-lg-2 gutters-col-md-2 gutters-col-0 gutters-col-v-lg-2 gutters-col-v-md-2 gutters-col-v-2\">\n          <!---->\n          <div class=\"h-column h-column-container d-flex h-col-lg-auto h-col-md-auto h-col-auto style-2083-outer style-local-1999-c14-outer\">\n            <div data-colibri-id=\"1999-c14\" class=\"d-flex h-flex-basis h-column__inner h-px-lg-2 h-px-md-2 h-px-2 v-inner-lg-2 v-inner-md-2 v-inner-2 style-2083 style-local-1999-c14 position-relative\">\n              <!---->\n              <!---->\n              <div class=\"w-100 h-y-container h-column__content h-column__v-align flex-basis-100 align-self-lg-start align-self-md-start align-self-start\">\n                <!---->\n                <div data-colibri-id=\"1999-c15\" class=\"h-global-transition-all h-heading style-2088 style-local-1999-c15 position-relative h-element\">\n                  <!---->\n                  <div class=\"h-heading__outer style-2088 style-local-1999-c15\">\n                    <!---->\n                    <!---->\n                    <h1 class=\"\">Wo?<\/h1>\n                  <\/div>\n                <\/div>\n                <div data-colibri-id=\"1999-c16\" class=\"h-text h-text-component style-2085 style-local-1999-c16 position-relative h-element\">\n                  <!---->\n                  <!---->\n                  <div class=\"\">\n                    <p>Im Bootahaus am Mittellandkanal k\u00f6nnen sich alle Neugierige \u00fcber die Sportveranstaltungen der Kanugruppe und des Rudervereins informieren und direkt praktische Erfahrungen mit den Booten sammeln. (&#8222;Schnupperrudern&#8220;)<\/p>\n                  <\/div>\n                <\/div>\n                <div data-colibri-id=\"1999-c17\" class=\"h-global-transition-all h-heading style-2092 style-local-1999-c17 position-relative h-element\">\n                  <!---->\n                  <div class=\"h-heading__outer style-2092 style-local-1999-c17\">\n                    <!---->\n                    <!---->\n                    <h1 class=\"\">Essen &amp; Trinken<\/h1>\n                  <\/div>\n                <\/div>\n                <div data-colibri-id=\"1999-c18\" class=\"h-text h-text-component style-2093 style-local-1999-c18 position-relative h-element\">\n                  <!---->\n                  <!---->\n                  <div class=\"\">\n                    <p><span style=\"font-weight: 400; font-size: 16px; font-family: &quot;Open Sans&quot;; color: rgb(153, 153, 153);\">am Ruderhaus k\u00f6nnt ihr bei s\u00fc\u00dfen und herzhaften Snacks gem\u00fctlich den Sonntag genie\u00dfen <\/span><\/p>\n                  <\/div>\n                <\/div>\n              <\/div>\n            <\/div>\n          <\/div>\n          <div class=\"h-column h-column-container d-flex h-col-lg-auto h-col-md-auto h-col-auto style-2084-outer style-local-1999-c19-outer\">\n            <div data-colibri-id=\"1999-c19\" class=\"d-flex h-flex-basis h-column__inner h-px-lg-2 h-px-md-2 h-px-2 v-inner-lg-2 v-inner-md-2 v-inner-2 style-2084 style-local-1999-c19 position-relative\">\n              <!---->\n              <!---->\n              <div class=\"w-100 h-y-container h-column__content h-column__v-align flex-basis-100 align-self-lg-start align-self-md-start align-self-start\">\n                <!---->\n                <div data-colibri-id=\"1999-c20\" class=\"h-global-transition-all h-heading style-2094 style-local-1999-c20 position-relative h-element\">\n                  <!---->\n                  <div class=\"h-heading__outer style-2094 style-local-1999-c20\">\n                    <!---->\n                    <!---->\n                    <h1 class=\"\">Anfahrt<\/h1>\n                  <\/div>\n                <\/div>\n                <div data-colibri-id=\"1999-c21\" class=\"h-text h-text-component style-2087 style-local-1999-c21 position-relative h-element\">\n                  <!---->\n                  <!---->\n                  <div class=\"\">\n                    <p>Das Bootshaus liegt auf der Espelkamper Seite des&nbsp;Kanals.<\/p>\n                    <p>Aus Espelkamp kommend auf der B-239 an der Ampelkreuzung, vor der der Kanalbr\u00fccke, rechts abbiegen und nach 20m wieder links abbiegen auf die Stra\u00dfe &#8222;Auf dem Richtepatt&#8220;. Den Stra\u00dfenverlauf geradeaus bis zum Ende der Stra\u00dfe folgen.\n                      In der Sackgasse besteht die M\u00f6glichkeit, auf de linken Seite zu parken. Durch das W\u00e4ldchen f\u00fchrt ein kleiner Weg direkt zum Bootssteg. Dort nach links abbiegen, weiter unter der Br\u00fccke hergehen, dann liegt das Bootshaus auf der\n                      linken Seite.<\/p>\n                  <\/div>\n                <\/div>\n              <\/div>\n            <\/div>\n          <\/div>\n          <div class=\"h-column h-column-container d-flex h-col-lg-auto h-col-md-auto h-col-auto style-2086-outer style-local-1999-c22-outer\">\n            <div data-colibri-id=\"1999-c22\" class=\"d-flex h-flex-basis h-column__inner h-px-lg-2 h-px-md-2 h-px-2 v-inner-lg-2 v-inner-md-2 v-inner-2 style-2086 style-local-1999-c22 position-relative\">\n              <!---->\n              <!---->\n              <div class=\"w-100 h-y-container h-column__content h-column__v-align flex-basis-100 align-self-lg-start align-self-md-start align-self-start\">\n                <!---->\n                <div data-colibri-id=\"1999-c23\" class=\"h-global-transition-all h-heading style-2097 style-local-1999-c23 position-relative h-element\">\n                  <!---->\n                  <div class=\"h-heading__outer style-2097 style-local-1999-c23\">\n                    <!---->\n                    <!---->\n                    <a href=\"https:\/\/www.google.com\/maps\/dir\/\/Ruderverein+S%C3%B6derblom+Espelkamp,+Hohenfelder+Weg+4,+32339+Espelkamp\/@52.3326708,8.3826108,11z\/data=!4m9!4m8!1m0!1m5!1m1!1s0x47ba088d5c1f179f:0xd3477dc2c143806f!2m2!1d8.6190379!2d52.3353016!3e0?authuser=0&amp;entry=ttu\"\n                      h-use-smooth-scroll=\"true\">\n                      <h4 class=\"\"><span data-animation-duration=\"1\" data-type-animation=\"rotate-1\" data-colibri-component=\"fancy-title\"><span class=\"ah-headline rotate-1\"><span style=\"position: relative\" class=\"ah-words-wrapper\"><b class=\"is-visible\">Routenplaner<\/b><b>klick&nbsp;hier<\/b><\/span><\/span>\n                        <\/span>\n                      <\/h4>\n                    <\/a>\n                  <\/div>\n                <\/div>\n                <div data-colibri-id=\"1999-c24\" class=\"d-block style-2101 style-local-1999-c24 position-relative h-element\">\n                  <!---->\n                  <div class=\"h-image__frame-container-outer\">\n                    <div class=\"h-image__frame-container\">\n                      <!---->\n                      <!---->\n                      <img loading=\"lazy\" decoding=\"async\" width=\"124\" height=\"124\" src=\"https:\/\/neu.rv-soederblom.de\/wp-content\/uploads\/2024\/03\/cropped-cropped-cropped-cropped-cropped-rvlogo-1.jpg\" class=\"wp-image-730 style-2101-image style-local-1999-c24-image\" alt=\"\" \/>\n                      <div class=\"h-image__frame h-hide-lg h-hide-md h-hide-sm style-2101-frameImage style-local-1999-c24-frameImage\"><\/div>\n                    <\/div>\n                  <\/div>\n                <\/div>\n                <div data-colibri-id=\"1999-c25\" class=\"h-global-transition-all h-heading style-2098 style-local-1999-c25 position-relative h-element\">\n                  <!---->\n                  <div class=\"h-heading__outer style-2098 style-local-1999-c25\">\n                    <!---->\n                    <!---->\n                    <h2 class=\"\">zus\u00e4tzliches Angebot<\/h2>\n                  <\/div>\n                <\/div>\n                <div data-colibri-id=\"1999-c26\" class=\"h-text h-text-component style-2099 style-local-1999-c26 position-relative h-element\">\n                  <!---->\n                  <!---->\n                  <div class=\"\">\n                    <p><span style=\"font-weight: 400; font-size: 16px; font-family: &quot;Open Sans&quot;; color: rgb(153, 153, 153);\">Zus\u00e4tzlich k\u00f6nnt ihr am Mittwoch den 13.5. ab 17:30 Uhr die &#8222;Schnupper-Ruderzeit&#8220; nutzen das Rudern auszuprobieren<\/span><\/p>\n                  <\/div>\n                <\/div>\n              <\/div>\n            <\/div>\n          <\/div>\n        <\/div>\n      <\/div>\n    <\/div>\n  <\/div>\n<\/div>","protected":false},"excerpt":{"rendered":"<p>&#8222;Tag der offenen T\u00fcr&#8220; des Kanu- und Rudervereins dieses Jahr am 10.5.2026 10:00 &#8211; 16:00 Uhr 10:00 &#8211; 16:00 h Die Kanusportgruppe und der Ruderverein des S\u00f6derblom-Gymnasiums laden herzlich alle Interessierten und Sportbegeisterte zum &#8222;Tag der offenen Ruderhauses&#8220; ein. Wo? Im Bootahaus am Mittellandkanal k\u00f6nnen sich alle Neugierige \u00fcber die Sportveranstaltungen der Kanugruppe und des [&hellip;]<\/p>\n","protected":false},"author":2,"featured_media":0,"parent":0,"menu_order":0,"comment_status":"closed","ping_status":"closed","template":"page-templates\/full-width-page.php","meta":{"footnotes":""},"class_list":["post-1999","page","type-page","status-publish","hentry"],"_links":{"self":[{"href":"https:\/\/neu.rv-soederblom.de\/index.php?rest_route=\/wp\/v2\/pages\/1999","targetHints":{"allow":["GET"]}}],"collection":[{"href":"https:\/\/neu.rv-soederblom.de\/index.php?rest_route=\/wp\/v2\/pages"}],"about":[{"href":"https:\/\/neu.rv-soederblom.de\/index.php?rest_route=\/wp\/v2\/types\/page"}],"author":[{"embeddable":true,"href":"https:\/\/neu.rv-soederblom.de\/index.php?rest_route=\/wp\/v2\/users\/2"}],"replies":[{"embeddable":true,"href":"https:\/\/neu.rv-soederblom.de\/index.php?rest_route=%2Fwp%2Fv2%2Fcomments&post=1999"}],"version-history":[{"count":4,"href":"https:\/\/neu.rv-soederblom.de\/index.php?rest_route=\/wp\/v2\/pages\/1999\/revisions"}],"predecessor-version":[{"id":2034,"href":"https:\/\/neu.rv-soederblom.de\/index.php?rest_route=\/wp\/v2\/pages\/1999\/revisions\/2034"}],"wp:attachment":[{"href":"https:\/\/neu.rv-soederblom.de\/index.php?rest_route=%2Fwp%2Fv2%2Fmedia&parent=1999"}],"curies":[{"name":"wp","href":"https:\/\/api.w.org\/{rel}","templated":true}]}}