{"id":3,"date":"2025-02-16T00:28:16","date_gmt":"2025-02-15T23:28:16","guid":{"rendered":"https:\/\/neu.rv-soederblom.de\/?page_id=3"},"modified":"2025-05-01T01:33:15","modified_gmt":"2025-04-30T23:33:15","slug":"datenschutzerklaerung","status":"publish","type":"page","link":"https:\/\/neu.rv-soederblom.de\/?page_id=3","title":{"rendered":"Datenschutzerkl\u00e4rung"},"content":{"rendered":"<div data-colibri-id=\"3-c1\" class=\"style-576 style-local-3-c1 position-relative\">\n  <!---->\n  <div data-colibri-component=\"section\" data-colibri-id=\"3-c2\" id=\"custom\" class=\"h-section h-section-global-spacing d-flex align-items-lg-center align-items-md-center align-items-center style-586 style-local-3-c2 position-relative\">\n    <!---->\n    <!---->\n    <div class=\"h-section-grid-container h-section-boxed-container\">\n      <!---->\n      <div data-colibri-id=\"3-c3\" class=\"h-row-container gutters-row-lg-2 gutters-row-md-2 gutters-row-0 gutters-row-v-lg-2 gutters-row-v-md-2 gutters-row-v-2 style-587 style-local-3-c3 position-relative\">\n        <!---->\n        <div class=\"h-row justify-content-lg-center justify-content-md-center justify-content-center align-items-lg-stretch align-items-md-stretch align-items-stretch gutters-col-lg-2 gutters-col-md-2 gutters-col-0 gutters-col-v-lg-2 gutters-col-v-md-2 gutters-col-v-2\">\n          <!---->\n          <div class=\"h-column h-column-container d-flex h-col-lg-auto h-col-md-auto h-col-auto style-588-outer style-local-3-c4-outer\">\n            <div data-colibri-id=\"3-c4\" class=\"d-flex h-flex-basis h-column__inner h-px-lg-2 h-px-md-2 h-px-2 v-inner-lg-2 v-inner-md-2 v-inner-2 style-588 style-local-3-c4 position-relative\">\n              <!---->\n              <!---->\n              <div class=\"w-100 h-y-container h-column__content h-column__v-align flex-basis-100 align-self-lg-start align-self-md-start align-self-start\">\n                <!---->\n                <div data-colibri-id=\"3-c5\" class=\"h-text h-text-component style-589 style-local-3-c5 position-relative h-element\">\n                  <!---->\n                  <!---->\n                  <div class=\"\">\n                    <p>L<strong>Datenschutzerkl\u00e4rung<\/strong><\/p>\n                    <h2>A.&nbsp;Informationen \u00fcber die Verarbeitung Ihrer Daten gem\u00e4\u00df Art. 13 der Datenschutz-Grundverordnung (DS-GVO)<\/h2>\n                    <p>\n                      <br>\n                    <\/p>\n                    <h2>Grundlegendes<\/h2>\n                    <p>\n                      <br>\n                    <\/p>\n                    <p>In dieser Datenschutzerkl\u00e4rung informieren wir Sie \u00fcber die Verarbeitung (Art, Umfang, Zweck der Erhebung und Verwendung personenbezogener Daten bei der Nutzung dieser Website.<\/p>\n                    <p><strong>Webseitenbetreiber:<\/strong><\/p>\n                    <p><em>Ruderverein des S\u00f6derblom-Gymnasiums Espelkamp e.V. (RV S\u00f6derblom)<\/em><\/p>\n                    <p><em>Vertreten durch den Vorstand:<\/em><\/p>\n                    <ol>\n                      <li><em>Vorsitzender: Ingo Hanke<\/em><\/li>\n                      <li><em>stellv. Vorsitzender: Sven Glatzel<\/em><\/li>\n                      <li><em>Kassenwartin: Celina Wirt<\/em><\/li>\n                      <li><em>Haus- und Bootswart:&nbsp;Stefan Oevemann<\/em><\/li>\n                      <li><em>Ruderwartin:&nbsp;Henrike Rolfs<\/em><\/li>\n                      <li><em>Ruderwartin:&nbsp;Katharina Kleemann<\/em><\/li>\n                      <li><em>Schriftf\u00fchrerin:&nbsp;Friederike Laugwitz<\/em><\/li>\n                    <\/ol>\n                    <p><em>Tonnenheider Str. 32; 32339 Espelkamp, Deutschland, <\/em><\/p>\n                    <p><em>Telefonnummer: +49 175 4220973<\/em><\/p>\n                    <p><em>E-Mail: kontakt@rv-soederblom.de<\/em><\/p>\n                    <p>Als Websitebetreiber nehmen wir Ihren Datenschutz sehr ernst und behandeln Ihre personenbezogenen Daten vertraulich. Da durch neue Technologien und die st\u00e4ndige Weiterentwicklung dieser Webseite \u00c4nderungen an dieser Datenschutzerkl\u00e4rung\n                      vorgenommen werden k\u00f6nnen, empfehlen wir Ihnen sich die Datenschutzerkl\u00e4rung in regelm\u00e4\u00dfigen Abst\u00e4nden wieder durchzulesen.<\/p>\n                    <p>\n                      <br>\n                    <\/p>\n                    <h2>Personenbezogene Daten<\/h2>\n                    <p>\n                      <br>\n                    <\/p>\n                    <p>Personenbezogene Daten sind alle Informationen, die sich auf eine identifizierte oder identifizierbare nat\u00fcrliche Person (betroffene Person) beziehen. Als identifizierbar wird eine nat\u00fcrliche Person angesehen, die direkt oder indirekt,\n                      insbesondere mittels Zuordnung zu einer Kennung wie einem Namen, zu einer Kennnummer, zu Standortdaten, zu einer Online-Kennung oder zu einem oder mehreren besonderen Merkmalen identifiziert werden kann, die Ausdruck der physischen,\n                      physiologischen, genetischen, psychischen, wirtschaftlichen, kulturellen oder sozialen Identit\u00e4t dieser nat\u00fcrlichen Person sind.<\/p>\n                    <p>\n                      <br>\n                    <\/p>\n                    <p>\n                      <br>\n                    <\/p>\n                    <h2>B.&nbsp;Daten, die f\u00fcr die Bereitstellung der Website und die Erstellung der Protokolldateien verarbeitet werden<\/h2>\n                    <p>\n                      <br>\n                    <\/p>\n                    <h2>Daten beim Websiteaufruf<\/h2>\n                    <p>\n                      <br>\n                    <\/p>\n                    <p>Wenn Sie diese Website nur nutzen, um sich zu informieren und keine Daten angeben, dann verarbeiten wir nur die Daten, die zur Anzeige der Website auf dem von Ihnen verwendeten internetf\u00e4higen Ger\u00e4t erforderlich sind. Das sind insbesondere:<\/p>\n                    <ul>\n                      <li>IP-Adresse<\/li>\n                      <li>Datum und Uhrzeit der Anfrage<\/li>\n                      <li>jeweils \u00fcbertragene Datenmenge<\/li>\n                      <li>die Website, von der die Anforderung kommt<\/li>\n                      <li>Websites, die \u00fcber die Website aufgerufen werden<\/li>\n                      <li>\u00dcbertragene Datenmenge<\/li>\n                      <li>Browsertyp und Browserversion<\/li>\n                      <li>Betriebssystem<\/li>\n                    <\/ul>\n                    <p>\n                      <br>\n                    <\/p>\n                    <p>Eine weitere Speicherung in Protokolldateien erfolgt, um die Funktionsf\u00e4higkeit der Website und die Sicherheit der informationstechnischen Systeme sicherzustellen. In diesen Zwecken liegt auch unser berechtigtes Interesse an der Datenverarbeitung.<\/p>\n                    <p>Eine Speicherung dieser Daten zusammen mit anderen personenbezogenen Daten von Ihnen findet nicht statt.<\/p>\n                    <p>Dar\u00fcber hinaus k\u00f6nnen Sie verschiedene Leistungen auf der Website nutzen, bei der weitere personenbezogene und nicht personenbezogene Daten verarbeitet werden.<\/p>\n                    <p>Daten \u00fcber Zugriffe auf die Website werden als \u201eServer-Logfiles\u201c auf dem Server der Website gespeichert und nach Verlassen der Website gel\u00f6scht.<\/p>\n                    <p>\n                      <br>\n                    <\/p>\n                    <p>Rechtsgrundlage f\u00fcr die Verarbeitung dieser Daten sind berechtigte Interessen gem\u00e4\u00df Art. 6 Abs. 1 lit. f) DSGVO.<\/p>\n                    <p>\n                      <br>\n                    <\/p>\n                    <p>weitere Empf\u00e4nger der personenbezogenen Daten<\/p>\n                    <p>\n                      <br>\n                    <\/p>\n                    <p>Die Website wird bei<\/p>\n                    <p>Mittwald CM Service GmbH &amp; Co. KG,<\/p>\n                    <p>K\u00f6nigsberger Str. 4 \u2013 6\n                      <br> 32339 Espelkamp<\/p>\n                    <p>E-Mail:&nbsp;\n                      <a href=\"about:blank\">marketingmittwald.de<\/a>\n                    <\/p>\n                    <p>\n                      <br>\n                    <\/p>\n                    <p>gehostet.<\/p>\n                    <p>Der Hoster empf\u00e4ngt die oben genannten Daten als Auftragsverarbeiter.<\/p>\n                    <p>Eine Auswertung dieser Daten zu Marketingzwecken findet nicht statt.<\/p>\n                    <p>Diese Seite nutzt aus Sicherheitsgr\u00fcnden und zum Schutz der \u00dcbertragung vertraulicher Inhalte, wie zum Beispiel Anfragen, die Sie an uns als Seitenbetreiber senden, eine SSL-bzw. TLS-Verschl\u00fcsselung. Eine verschl\u00fcsselte Verbindung\n                      erkennen Sie daran, dass die Adresszeile des Browsers von \u201chttp:\/\/\u201d auf \u201chttps:\/\/\u201d wechselt und an dem Schloss-Symbol in Ihrer Browserzeile. Wenn die SSL- bzw. TLS-Verschl\u00fcsselung aktiviert ist, k\u00f6nnen die Daten, die Sie an uns \u00fcbermitteln,\n                      nicht von Dritten mitgelesen werden.<\/p>\n                    <p>\n                      <br>\n                    <\/p>\n                    <p>Umgang mit Kontaktdaten<\/p>\n                    <p>\n                      <br>\n                    <\/p>\n                    <p>\n                      <br>\n                    <\/p>\n                    <p>Nehmen Sie mit uns als Websitebetreiber durch die angebotenen Kontaktm\u00f6glichkeiten Verbindung auf, werden Ihre Angaben gespeichert, damit auf diese zur Bearbeitung und Beantwortung Ihrer Anfrage zur\u00fcckgegriffen werden kann. Ohne Ihre\n                      Einwilligung werden diese Daten nicht an Dritte weitergegeben.<\/p>\n                    <p>\n                      <br>\n                    <\/p>\n                    <p>\n                      <br>\n                    <\/p>\n                    <h1>C. Einsatz von Cookies&nbsp;<\/h1>\n                    <p>\n                      <br>\n                    <\/p>\n                    <p>Beim Besuch der Website k\u00f6nnen Cookies auf Ihrem Ger\u00e4t gespeichert werden. Cookies sind kleine Textdateien, die von dem von Ihnen verwendeten Browser gespeichert werden. Cookies k\u00f6nnen keine Programme ausf\u00fchren und auch keine Viren\n                      auf Ihr Ger\u00e4t \u00fcbertragen. Die Stelle, die den Cookie setzt, kann dar\u00fcber jedoch bestimmte Informationen erhalten. So kann mithilfe von Cookies insbesondere das Ger\u00e4t, mit dem diese Website aufgerufen wurde, bei einem erneuten Aufruf\n                      erkannt werden.<\/p>\n                    <p>Durch die Browsereinstellungen l\u00e4sst sich das Setzen von Cookies einschr\u00e4nken oder verhindern. So kann z. B. nur die Annahme von Cookies, die von Drittanbietern stammen, blockiert werden oder aber auch die Annahme von allen Cookies.\n                      Durch das Blockieren sind jedoch m\u00f6glicherweise nicht mehr alle Funktionen dieser Website nutzbar. Im weiteren Text dieser Datenschutzerkl\u00e4rung informieren wir Sie konkret, an welchen Stellen und zu welchen Zwecken Cookies auf den\n                      Seiten zum Einsatz kommen.<\/p>\n                    <p>\n                      <br>\n                    <\/p>\n                    <h1>D. Datenschutzerkl\u00e4rung f\u00fcr Google Analytics<\/h1>\n                    <p>\n                      <br>\n                    <\/p>\n                    <p>Auf dieser Website wird Google Analytics eingesetzt, ein Webanalysedienst der Google LLC, 1600 Amphitheatre Parkway, Mountain View, CA 94043, USA (Google). Zu diesem Zweck werden von Google Cookies auf dem Ger\u00e4t gesetzt. Diese erm\u00f6glichen\n                      eine Analyse Ihrer Website-Nutzung. Die dabei erfassten Informationen werden in der Regel an Server von Google \u00fcbermittelt, die sich insbesondere in den USA befinden. Google Analytics speichert IP-Adressen nur anonymisiert. Google\n                      k\u00fcrzt vor der Speicherung die innerhalb von Mitgliedstaaten der Europ\u00e4ischen Union oder in anderen Vertragsstaaten des Abkommens \u00fcber den Europ\u00e4ischen Wirtschaftsraum erfassten IP-Adressen. Google nutzt die gesammelten Informationen,\n                      um die Nutzung der Webseiten auszuwerten und entsprechende Berichte zu erstellen. Google Analytics ist so eingestellt, dass die Daten innerhalb von&nbsp;<em>in Google Analytics eingestellte Dauer einf\u00fcgen<\/em>&nbsp;Monaten nach ihrem\n                      Entstehen gel\u00f6scht werden.<\/p>\n                    <p>Die Verarbeitung der Daten erfolgt auf Grundlage von Art. 6 Abs. 1 lit. a) DSGVO mit Einwilligung. Mit Google sind eine Auftragsverarbeitung und die Standardvertragsklauseln abgeschlossen. Google ist zudem zertifiziert gem\u00e4\u00df EU US\n                      Data Privacy Framework.<\/p>\n                    <p>Sie k\u00f6nnen Ihre Einwilligung \u00fcber das beim Seitenaufruf eingeblendete Cookie-Banner widerrufen. Alternativ k\u00f6nnen Sie die Cookies in Ihrem verwendeten Browser l\u00f6schen. Ein Opt-out ist zudem mit folgendem Browser-Add-on m\u00f6glich:&nbsp;\n                      <a\n                        href=\"https:\/\/tools.google.com\/dlpage\/gaoptout\" class=\"customize-unpreviewable\">https:\/\/tools.google.com\/dlpage\/gaoptout\/<\/a>\n                    <\/p>\n                    <p>Weitere Informationen zum Datenschutz von Google finden Sie unter:&nbsp;\n                      <a href=\"https:\/\/policies.google.com\/privacy?hl=de\" class=\"customize-unpreviewable\">https:\/\/policies.google.com\/privacy?hl=de<\/a>\n                    <\/p>\n                    <p>\n                      <br>\n                    <\/p>\n                    <p>\n                      <br>\n                    <\/p>\n                    <p>\n                      <br>\n                    <\/p>\n                    <p>\n                      <br>\n                    <\/p>\n                    <p>\n                      <br>\n                    <\/p>\n                    <h1>E.&nbsp;&nbsp;Betroffenenrechte<\/h1>\n                    <p>Als betroffene Person haben Sie folgende Rechte:<\/p>\n                    <ul>\n                      <li>Sie haben ein Auskunftsrecht bez\u00fcglich der Sie betreffenden personenbezogenen Daten, die der Verantwortliche verarbeitet (Art. 15 DSGVO),<\/li>\n                      <li>Sie haben das Recht auf Berichtigung der Sie betreffenden Daten, wenn diese unrichtig oder unvollst\u00e4ndig gespeichert werden (Art. 16 DSGVO),<\/li>\n                      <li>Sie haben das Recht auf L\u00f6schung (Art. 17 DSGVO),<\/li>\n                      <li>Sie haben das Recht, die Einschr\u00e4nkung der Verarbeitung Ihrer personenbezogenen Daten zu verlangen (Art. 18 DSGVO),<\/li>\n                      <li>Sie haben das Recht auf Daten\u00fcbertragbarkeit (Art. 20 DSGVO),<\/li>\n                      <li>Sie haben ein Widerspruchsrecht gegen die Verarbeitung der Sie betreffenden personenbezogenen Daten (Art. 21 DSGVO),<\/li>\n                      <li>Sie haben das Recht, nicht einer ausschlie\u00dflich auf einer automatisierten Verarbeitung \u2013 einschlie\u00dflich Profiling \u2013 beruhenden Entscheidung unterworfen zu werden, die Ihnen gegen\u00fcber rechtlicher Wirkung entfaltet oder Sie in \u00e4hnlicher\n                        Weise erheblich beeintr\u00e4chtigt (Art. 22 DSGVO),<\/li>\n                      <li>Sie haben das Recht, sich bei einem vermuteten Versto\u00df gegen das Datenschutzrecht bei der zust\u00e4ndigen Aufsichtsbeh\u00f6rde zu beschweren (Art. 77 DSGVO). Zust\u00e4ndig ist die Aufsichtsbeh\u00f6rde an Ihrem \u00fcblichen Aufenthaltsort, Arbeitsplatz\n                        oder am Ort des vermuteten Versto\u00dfes. Hierzu geh\u00f6rt auch die f\u00fcr den Verantwortlichen zust\u00e4ndige Datenschutzaufsichtsbeh\u00f6rde: Landesbeauftragte f\u00fcr Datenschutz und Informationsfreiheit Nordrhein-Westfalen, https:\/\/www.ldi.nrw.de\/kontakt\/ihre-beschwerde.<\/li>\n                    <\/ul>\n                    <p>\n                      <br>\n                    <\/p>\n                    <h1>F.&nbsp;&nbsp;Recht auf Widerspruch gem\u00e4\u00df Art. 21 Abs. 1 DS-GVO<\/h1>\n                    <p>\n                      <br>\n                    <\/p>\n                    <p>Sie haben das Recht, aus Gr\u00fcnden, die sich aus Ihrer besonderen Situation ergeben, jederzeit gegen die Verarbeitung Ihrer personenbezogenen Daten, die aufgrund von Artikel 6 Abs. 1 Buchstabe f DS-GVO erfolgt, Widerspruch einzulegen.\n                      Der Verantwortliche verarbeitet die personenbezogenen Daten dann nicht mehr, es sei denn, er kann zwingende schutzw\u00fcrdige Gr\u00fcnde f\u00fcr die Verarbeitung nachweisen, die die Interessen, Rechte und Freiheiten der betroffenen Person \u00fcberwiegen,\n                      oder die Verarbeitung dient der Geltendmachung, Aus\u00fcbung oder Verteidigung von Rechtsanspr\u00fcchen. Die Erfassung der Daten zur Bereitstellung der Website und die Speicherung der Protokolldateien sind f\u00fcr den Betrieb der Internetseite\n                      zwingend erforderlich.<\/p>\n                  <\/div>\n                <\/div>\n              <\/div>\n            <\/div>\n          <\/div>\n        <\/div>\n      <\/div>\n    <\/div>\n  <\/div>\n<\/div>","protected":false},"excerpt":{"rendered":"<p>LDatenschutzerkl\u00e4rung A.&nbsp;Informationen \u00fcber die Verarbeitung Ihrer Daten gem\u00e4\u00df Art. 13 der Datenschutz-Grundverordnung (DS-GVO) Grundlegendes In dieser Datenschutzerkl\u00e4rung informieren wir Sie \u00fcber die Verarbeitung (Art, Umfang, Zweck der Erhebung und Verwendung personenbezogener Daten bei der Nutzung dieser Website. Webseitenbetreiber: Ruderverein des S\u00f6derblom-Gymnasiums Espelkamp e.V. (RV S\u00f6derblom) Vertreten durch den Vorstand: Vorsitzender: Ingo Hanke stellv. Vorsitzender: Sven [&hellip;]<\/p>\n","protected":false},"author":2,"featured_media":0,"parent":0,"menu_order":0,"comment_status":"closed","ping_status":"open","template":"page-templates\/full-width-page.php","meta":{"footnotes":""},"class_list":["post-3","page","type-page","status-publish","hentry"],"_links":{"self":[{"href":"https:\/\/neu.rv-soederblom.de\/index.php?rest_route=\/wp\/v2\/pages\/3","targetHints":{"allow":["GET"]}}],"collection":[{"href":"https:\/\/neu.rv-soederblom.de\/index.php?rest_route=\/wp\/v2\/pages"}],"about":[{"href":"https:\/\/neu.rv-soederblom.de\/index.php?rest_route=\/wp\/v2\/types\/page"}],"author":[{"embeddable":true,"href":"https:\/\/neu.rv-soederblom.de\/index.php?rest_route=\/wp\/v2\/users\/2"}],"replies":[{"embeddable":true,"href":"https:\/\/neu.rv-soederblom.de\/index.php?rest_route=%2Fwp%2Fv2%2Fcomments&post=3"}],"version-history":[{"count":3,"href":"https:\/\/neu.rv-soederblom.de\/index.php?rest_route=\/wp\/v2\/pages\/3\/revisions"}],"predecessor-version":[{"id":1478,"href":"https:\/\/neu.rv-soederblom.de\/index.php?rest_route=\/wp\/v2\/pages\/3\/revisions\/1478"}],"wp:attachment":[{"href":"https:\/\/neu.rv-soederblom.de\/index.php?rest_route=%2Fwp%2Fv2%2Fmedia&parent=3"}],"curies":[{"name":"wp","href":"https:\/\/api.w.org\/{rel}","templated":true}]}}