{"id":588,"date":"2024-04-15T17:59:23","date_gmt":"2024-04-15T15:59:23","guid":{"rendered":"https:\/\/neu.rv-soederblom.de\/?page_id=588"},"modified":"2026-02-08T17:48:11","modified_gmt":"2026-02-08T16:48:11","slug":"impressum","status":"publish","type":"page","link":"https:\/\/neu.rv-soederblom.de\/?page_id=588","title":{"rendered":"Impressum"},"content":{"rendered":"<div data-colibri-id=\"588-c1\" class=\"style-565 style-local-588-c1 position-relative\">\n  <!---->\n  <div data-colibri-component=\"section\" data-colibri-id=\"588-c2\" id=\"initial-content\" class=\"h-section h-section-global-spacing d-flex align-items-lg-center align-items-md-center align-items-center style-566 style-local-588-c2 position-relative\">\n    <!---->\n    <!---->\n    <div class=\"h-section-grid-container h-section-boxed-container\">\n      <!---->\n      <div data-colibri-id=\"588-c3\" class=\"h-row-container gutters-row-lg-2 gutters-row-md-2 gutters-row-0 gutters-row-v-lg-2 gutters-row-v-md-2 gutters-row-v-2 style-567 style-local-588-c3 position-relative\">\n        <!---->\n        <div class=\"h-row justify-content-lg-center justify-content-md-center justify-content-center align-items-lg-stretch align-items-md-stretch align-items-stretch gutters-col-lg-2 gutters-col-md-2 gutters-col-0 gutters-col-v-lg-2 gutters-col-v-md-2 gutters-col-v-2\">\n          <!---->\n          <div class=\"h-column h-column-container d-flex h-col-lg-auto h-col-md-auto h-col-auto style-570-outer style-local-588-c4-outer\">\n            <div data-colibri-id=\"588-c4\" class=\"d-flex h-flex-basis h-column__inner h-px-lg-2 h-px-md-2 h-px-2 v-inner-lg-2 v-inner-md-2 v-inner-2 style-570 style-local-588-c4 position-relative\">\n              <!---->\n              <!---->\n              <div class=\"w-100 h-y-container h-column__content h-column__v-align flex-basis-auto align-self-lg-start align-self-md-start align-self-start\">\n                <!---->\n                <div data-colibri-id=\"588-c5\" class=\"h-global-transition-all h-heading style-571 style-local-588-c5 position-relative h-element\">\n                  <!---->\n                  <div class=\"h-heading__outer style-571 style-local-588-c5\">\n                    <!---->\n                    <!---->\n                    <h4 class=\"\">Angaben gem\u00e4\u00df \u00a7 5 TMG<\/h4>\n                  <\/div>\n                <\/div>\n                <div data-colibri-id=\"588-c6\" class=\"h-text h-text-component style-575 style-local-588-c6 position-relative h-element\">\n                  <!---->\n                  <!---->\n                  <div class=\"\">\n                    <p>Betreiber:<\/p>\n                    <p>Ruderverein des S\u00f6derblom-Gymnasiums Espelkamp e.V. (RV S\u00f6derblom)<\/p>\n                    <p>eingetragen im Vereinsregister am 25.05.1988 unter der Nummer 0273<\/p>\n                    <p>\n                      <br>\n                    <\/p>\n                    <p>Adresse:<\/p>\n                    <p>Tonnenheider Str. 31; 32339 Espelkamp, Deutschland<\/p>\n                    <p>\n                      <br>\n                    <\/p>\n                    <p>Vertreten durch den Vorstand:<\/p>\n                    <ol>\n                      <li>Vorsitzender: Ingo Hanke<\/li>\n                      <li>stellv. Vorsitzender: Sven Glatzel<\/li>\n                      <li>Kassenwartin: Celina Wirt<\/li>\n                      <li>Haus- und Bootswart:&nbsp;Stefan Oevemann<\/li>\n                      <li>Ruderwartin:&nbsp;Henrike Rolfs<\/li>\n                      <li>Ruderwartin:&nbsp;<span style=\"font-weight: 400; font-size: 20px; font-family: &quot;Open Sans&quot;; color: rgb(0, 0, 0);\">Katharina Kleemann<\/span><\/li>\n                      <li>Schriftf\u00fchrerin:&nbsp;Friederike Laugwitz<\/li>\n                    <\/ol>\n                    <p>\n                      <br>\n                    <\/p>\n                    <p>Kontakt:<\/p>\n                    <p>Mobil: +49 175 4220973<\/p>\n                    <p>E-Mail: kontakt@rv-soederblom.de<\/p>\n                    <p>Web: www.rv-soederblom.de<\/p>\n                    <p>\n                      <br>\n                    <\/p>\n                    <p><strong>Haftungsausschluss &#8211; Disclaimer:<\/strong><\/p>\n                    <p><strong>Haftung f\u00fcr Inhalte<\/strong><\/p>\n                    <p>Die Inhalte unserer Webseite wurden mit gr\u00f6\u00dftm\u00f6glicher Sorgfalt erstellt. F\u00fcr die Richtigkeit, Vollst\u00e4ndigkeit und Aktualit\u00e4t der Inhalte k\u00f6nnen wir jedoch keine Gew\u00e4hr \u00fcbernehmen. Als Diensteanbieter sind wir gem\u00e4\u00df \u00a7 7 Abs.1 TMG f\u00fcr\n                      eigene Inhalte auf diesen Seiten nach den allgemeinen Gesetzen verantwortlich. Nach \u00a7\u00a7 8 bis 10 TMG sind wir als Diensteanbieter jedoch nicht verpflichtet, \u00fcbermittelte oder gespeicherte fremde Informationen zu \u00fcberwachen oder nach\n                      Umst\u00e4nden zu forschen, die auf eine rechtswidrige T\u00e4tigkeit hinweisen. Verpflichtungen zur Entfernung oder Sperrung der Nutzung von Informationen nach den allgemeinen Gesetzen bleiben hiervon unber\u00fchrt.<\/p>\n                    <p>Eine diesbez\u00fcgliche Haftung ist jedoch erst ab dem Zeitpunkt der Kenntnis einer konkreten Rechtsverletzung m\u00f6glich. Bei Bekanntwerden von entsprechenden Rechtsverletzungen werden wir diese Inhalte umgehend entfernen.<\/p>\n                    <p>\n                      <br>\n                    <\/p>\n                    <p><strong>Haftungsbeschr\u00e4nkung f\u00fcr externe Links<\/strong><\/p>\n                    <p>Unsere Webseite enth\u00e4lt Links zu externen Webseiten Dritter, auf deren Inhalte wir keinen Einfluss haben. Daher k\u00f6nnen wir f\u00fcr diese fremden Inhalte auch keine Gew\u00e4hr \u00fcbernehmen. F\u00fcr die Inhalte der verlinkten Seiten ist stets der\n                      jeweilige Anbieter oder Betreiber der Seiten verantwortlich.<\/p>\n                    <p>Die verlinkten Seiten wurden zum Zeitpunkt der Verlinkung auf m\u00f6gliche Rechtsverst\u00f6\u00dfe \u00fcberpr\u00fcft. Rechtswidrige Inhalte waren zum Zeitpunkt der Verlinkung nicht erkennbar. Eine permanente inhaltliche Kontrolle der verlinkten Seiten\n                      ist jedoch ohne konkrete Anhaltspunkte einer Rechtsverletzung nicht zumutbar. Bei Bekanntwerden von Rechtsverletzungen werden wir derartige Links umgehend entfernen.<\/p>\n                    <p><strong>Urheberrecht<\/strong><\/p>\n                    <p>Die durch die Seitenbetreiber erstellten Inhalte und Werke auf diesen Seiten unterliegen dem deutschen Urheberrecht. Die Vervielf\u00e4ltigung, Bearbeitung, Verbreitung und jede Art der Verwertung au\u00dferhalb der Grenzen des Urheberrechts\n                      bed\u00fcrfen der schriftlichen Zustimmung des jeweiligen Autors bzw. Erstellers. Downloads und Kopien dieser Seite sind nur f\u00fcr den privaten, nicht kommerziellen Gebrauch gestattet.<\/p>\n                    <p>Soweit die Inhalte auf dieser Seite nicht vom Betreiber erstellt wurden, werden die Urheberrechte Dritter beachtet. Insbesondere werden Inhalte Dritter als solche gekennzeichnet. Sollten Sie trotzdem auf eine Urheberrechtsverletzung\n                      aufmerksam werden, bitten wir um einen entsprechenden Hinweis. Bei Bekanntwerden von Rechtsverletzungen werden wir derartige Inhalte umgehend entfernen.<\/p>\n                    <p>\n                      <br>\n                    <\/p>\n                    <p>\n                      <br>\n                    <\/p>\n                  <\/div>\n                <\/div>\n              <\/div>\n            <\/div>\n          <\/div>\n        <\/div>\n      <\/div>\n    <\/div>\n  <\/div>\n<\/div>","protected":false},"excerpt":{"rendered":"<p>Angaben gem\u00e4\u00df \u00a7 5 TMG Betreiber: Ruderverein des S\u00f6derblom-Gymnasiums Espelkamp e.V. (RV S\u00f6derblom) eingetragen im Vereinsregister am 25.05.1988 unter der Nummer 0273 Adresse: Tonnenheider Str. 31; 32339 Espelkamp, Deutschland Vertreten durch den Vorstand: Vorsitzender: Ingo Hanke stellv. Vorsitzender: Sven Glatzel Kassenwartin: Celina Wirt Haus- und Bootswart:&nbsp;Stefan Oevemann Ruderwartin:&nbsp;Henrike Rolfs Ruderwartin:&nbsp;Katharina Kleemann Schriftf\u00fchrerin:&nbsp;Friederike Laugwitz Kontakt: Mobil: [&hellip;]<\/p>\n","protected":false},"author":2,"featured_media":0,"parent":0,"menu_order":0,"comment_status":"closed","ping_status":"closed","template":"page-templates\/full-width-page.php","meta":{"footnotes":""},"class_list":["post-588","page","type-page","status-publish","hentry"],"_links":{"self":[{"href":"https:\/\/neu.rv-soederblom.de\/index.php?rest_route=\/wp\/v2\/pages\/588","targetHints":{"allow":["GET"]}}],"collection":[{"href":"https:\/\/neu.rv-soederblom.de\/index.php?rest_route=\/wp\/v2\/pages"}],"about":[{"href":"https:\/\/neu.rv-soederblom.de\/index.php?rest_route=\/wp\/v2\/types\/page"}],"author":[{"embeddable":true,"href":"https:\/\/neu.rv-soederblom.de\/index.php?rest_route=\/wp\/v2\/users\/2"}],"replies":[{"embeddable":true,"href":"https:\/\/neu.rv-soederblom.de\/index.php?rest_route=%2Fwp%2Fv2%2Fcomments&post=588"}],"version-history":[{"count":6,"href":"https:\/\/neu.rv-soederblom.de\/index.php?rest_route=\/wp\/v2\/pages\/588\/revisions"}],"predecessor-version":[{"id":1521,"href":"https:\/\/neu.rv-soederblom.de\/index.php?rest_route=\/wp\/v2\/pages\/588\/revisions\/1521"}],"wp:attachment":[{"href":"https:\/\/neu.rv-soederblom.de\/index.php?rest_route=%2Fwp%2Fv2%2Fmedia&parent=588"}],"curies":[{"name":"wp","href":"https:\/\/api.w.org\/{rel}","templated":true}]}}